{"id":28,"date":"2025-08-09T20:12:21","date_gmt":"2025-08-09T20:12:21","guid":{"rendered":"https:\/\/integrity-ismael-kt.zipwp.xyz\/?page_id=28"},"modified":"2025-08-20T11:08:04","modified_gmt":"2025-08-20T11:08:04","slug":"servicios","status":"publish","type":"page","link":"https:\/\/protermit.es\/ca\/servicios\/","title":{"rendered":"Serveis"},"content":{"rendered":"<div class=\"wp-block-uagb-container uagb-block-333e4e72 alignfull uagb-is-root-container\"><div class=\"uagb-container-inner-blocks-wrap\">\n<div class=\"wp-block-uagb-advanced-heading uagb-block-64eea43d\"><h1 class=\"uagb-heading-text\">Serveis<\/h1><p class=\"uagb-desc-text\">Solucions efectives per al control d'insectes xil\u00f2fags a Girona.<\/p><\/div>\n<\/div><\/div>\n\n\n\n<div class=\"wp-block-uagb-container uagb-block-ed67dc62 alignfull uagb-is-root-container\"><div class=\"uagb-container-inner-blocks-wrap\">\n<div class=\"wp-block-uagb-info-box uagb-block-d27f237b uagb-infobox__content-wrap  uagb-infobox-icon-above-title uagb-infobox-image-valign-top\"><div class=\"uagb-ifb-content\"><div class=\"uagb-ifb-title-wrap\"><h2 class=\"uagb-ifb-title\">Serveis Especialitzats<\/h2><\/div><p class=\"uagb-ifb-desc\">Control i tractament d'insectes xil\u00f2fags<\/p><\/div><\/div>\n\n\n\n<div class=\"wp-block-uagb-container uagb-block-01c648b1\">\n<div class=\"wp-block-uagb-container uagb-block-8a2c7a18\">\n<div class=\"wp-block-uagb-image alignleft uagb-block-e7ed7566 wp-block-uagb-image--layout-default wp-block-uagb-image--effect-static wp-block-uagb-image--align-left\"><figure class=\"wp-block-uagb-image__figure\"><img decoding=\"async\" srcset=\"https:\/\/protermit.es\/wp-content\/uploads\/2025\/08\/close-up-of-termites-18021337.jpeg ,https:\/\/protermit.es\/wp-content\/uploads\/2025\/08\/close-up-of-termites-18021337.jpeg 780w, https:\/\/protermit.es\/wp-content\/uploads\/2025\/08\/close-up-of-termites-18021337.jpeg 360w\" sizes=\"auto, (max-width: 480px) 150px\" src=\"https:\/\/protermit.es\/wp-content\/uploads\/2025\/08\/close-up-of-termites-18021337.jpeg\" alt=\"Detailed macro shot of beetles and larvae on wood, showcasing natures complexity.\" class=\"uag-image-1415\" width=\"573\" height=\"350\" title=\"services-01\" loading=\"lazy\" role=\"img\"\/><\/figure><\/div>\n\n\n\n<div class=\"wp-block-uagb-info-box uagb-block-774ff371 uagb-infobox__content-wrap  uagb-infobox-icon-above-title uagb-infobox-image-valign-top\"><div class=\"uagb-ifb-content\"><div class=\"uagb-ifb-title-wrap\"><h3 class=\"uagb-ifb-title\">Inspecci\u00f3<\/h3><\/div><p class=\"uagb-ifb-desc\">Realitzem inspeccions exhaustives per detectar la pres\u00e8ncia de t\u00e8rmits i corcs, seguint protocols avan\u00e7ats que garanteixen un diagn\u00f2stic prec\u00eds i una intervenci\u00f3 efectiva per protegir la integritat de la seva propietat.<\/p><\/div><\/div>\n<\/div>\n\n\n\n<div class=\"wp-block-uagb-container uagb-block-7c931235\">\n<div class=\"wp-block-uagb-image alignleft uagb-block-7e7796b0 wp-block-uagb-image--layout-default wp-block-uagb-image--effect-static wp-block-uagb-image--align-left\"><figure class=\"wp-block-uagb-image__figure\"><img decoding=\"async\" srcset=\"https:\/\/protermit.es\/wp-content\/uploads\/2025\/08\/PXL_20250416_080534071-1024x576.webp ,https:\/\/protermit.es\/wp-content\/uploads\/2025\/08\/PXL_20250416_080534071-scaled.webp 780w, https:\/\/protermit.es\/wp-content\/uploads\/2025\/08\/PXL_20250416_080534071-scaled.webp 360w\" sizes=\"auto, (max-width: 480px) 150px\" src=\"https:\/\/protermit.es\/wp-content\/uploads\/2025\/08\/PXL_20250416_080534071-1024x576.webp\" alt=\"pxl 20250416 080534071\" class=\"uag-image-1456\" width=\"573\" height=\"350\" title=\"pxl 20250416 080534071\" loading=\"lazy\" role=\"img\"\/><\/figure><\/div>\n\n\n\n<div class=\"wp-block-uagb-info-box uagb-block-6686281c uagb-infobox__content-wrap  uagb-infobox-icon-above-title uagb-infobox-image-valign-top\"><div class=\"uagb-ifb-content\"><div class=\"uagb-ifb-title-wrap\"><h3 class=\"uagb-ifb-title\">Tractaments<\/h3><\/div><p class=\"uagb-ifb-desc translation-block\">Oferim <strong>tractaments qu\u00edmics, biol\u00f2gics i de barrera<\/strong> personalitzats que eliminen de manera segura i efectiva les infestacions d'insectes xil\u00f2fags, utilitzant tecnologies innovadores que minimitzen l'impacte ambiental i garanteixen resultats duradors.<\/p><\/div><\/div>\n<\/div>\n<\/div>\n\n\n\n<div class=\"wp-block-uagb-container uagb-block-8c4baa9a\">\n<div class=\"wp-block-uagb-container uagb-block-8ba430ee\">\n<div class=\"wp-block-uagb-image alignleft uagb-block-6e3ea053 wp-block-uagb-image--layout-default wp-block-uagb-image--effect-static wp-block-uagb-image--align-left\"><figure class=\"wp-block-uagb-image__figure\"><img decoding=\"async\" srcset=\"https:\/\/protermit.es\/wp-content\/uploads\/2025\/08\/IMG_20190720_114955-1024x768.webp ,https:\/\/protermit.es\/wp-content\/uploads\/2025\/08\/IMG_20190720_114955-scaled.webp 780w, https:\/\/protermit.es\/wp-content\/uploads\/2025\/08\/IMG_20190720_114955-scaled.webp 360w\" sizes=\"auto, (max-width: 480px) 150px\" src=\"https:\/\/protermit.es\/wp-content\/uploads\/2025\/08\/IMG_20190720_114955-1024x768.webp\" alt=\"img 20190720 114955\" class=\"uag-image-1450\" width=\"573\" height=\"350\" title=\"img 20190720 114955\" loading=\"lazy\" role=\"img\"\/><\/figure><\/div>\n\n\n\n<div class=\"wp-block-uagb-info-box uagb-block-3d6ea523 uagb-infobox__content-wrap  uagb-infobox-icon-above-title uagb-infobox-image-valign-top\"><div class=\"uagb-ifb-content\"><div class=\"uagb-ifb-title-wrap\"><h3 class=\"uagb-ifb-title\">Prevenci\u00f3<\/h3><\/div><p class=\"uagb-ifb-desc\">Proporcionem assessorament i planificaci\u00f3 preventiva per evitar futurs problemes amb insectes xil\u00f2fags, assegurant que els nostres clients mantinguin les propietats segures i protegides a llarg termini.<\/p><\/div><\/div>\n<\/div>\n\n\n\n<div class=\"wp-block-uagb-container uagb-block-52756132\">\n<div class=\"wp-block-uagb-image alignleft uagb-block-60c4bcfe wp-block-uagb-image--layout-default wp-block-uagb-image--effect-static wp-block-uagb-image--align-left\"><figure class=\"wp-block-uagb-image__figure\"><img decoding=\"async\" srcset=\"https:\/\/protermit.es\/wp-content\/uploads\/2025\/08\/20220711_103828-1024x768.webp ,https:\/\/protermit.es\/wp-content\/uploads\/2025\/08\/20220711_103828-scaled.webp 780w, https:\/\/protermit.es\/wp-content\/uploads\/2025\/08\/20220711_103828-scaled.webp 360w\" sizes=\"auto, (max-width: 480px) 150px\" src=\"https:\/\/protermit.es\/wp-content\/uploads\/2025\/08\/20220711_103828-1024x768.webp\" alt=\"20220711 103828\" class=\"uag-image-1440\" width=\"573\" height=\"350\" title=\"20220711 103828\" loading=\"lazy\" role=\"img\"\/><\/figure><\/div>\n\n\n\n<div class=\"wp-block-uagb-info-box uagb-block-479e292e uagb-infobox__content-wrap  uagb-infobox-icon-above-title uagb-infobox-image-valign-top\"><div class=\"uagb-ifb-content\"><div class=\"uagb-ifb-title-wrap\"><h3 class=\"uagb-ifb-title\">Consultoria<\/h3><\/div><p class=\"uagb-ifb-desc\">Brindem assist\u00e8ncia especialitzada a empreses i administracions locals en la gesti\u00f3 de plagues, adaptant les nostres solucions a les necessitats espec\u00edfiques de cada client per a un control eficient i sostenible.<\/p><\/div><\/div>\n<\/div>\n<\/div>\n<\/div><\/div>\n\n\n\n<div class=\"wp-block-uagb-container uagb-block-1fc9ebe2 alignfull uagb-is-root-container\"><div class=\"uagb-container-inner-blocks-wrap\">\n<div class=\"wp-block-uagb-info-box uagb-block-925f9c72 uagb-infobox__content-wrap  uagb-infobox-icon-above-title uagb-infobox-image-valign-top\"><div class=\"uagb-ifb-content\"><div class=\"uagb-ifb-title-wrap\"><h2 class=\"uagb-ifb-title\">La teva llar en bones mans<\/h2><\/div><p class=\"uagb-ifb-desc\">Contacta'ns i assegura la teva tranquil\u00b7litat avui mateix!<\/p><div class=\"uagb-ifb-button-wrapper wp-block-button\"><a href=\"\/ca\/contacto\/\" class=\"uagb-infobox-cta-link wp-block-button__link\" target=\"_self\" rel=\"noopener noreferrer\" onclick=\"return true;\"><span class=\"uagb-inline-editing\">Demana el teu pressupost<\/span><\/a><\/div><\/div><\/div>\n<\/div><\/div>","protected":false},"excerpt":{"rendered":"<p>Servicios Soluciones efectivas para el control de insectos xil\u00f3fagos en Girona.<\/p>","protected":false},"author":5,"featured_media":0,"parent":0,"menu_order":0,"comment_status":"closed","ping_status":"closed","template":"","meta":{"_uag_custom_page_level_css":"","site-sidebar-layout":"default","site-content-layout":"","ast-site-content-layout":"default","site-content-style":"default","site-sidebar-style":"default","ast-global-header-display":"","ast-banner-title-visibility":"","ast-main-header-display":"","ast-hfb-above-header-display":"","ast-hfb-below-header-display":"","ast-hfb-mobile-header-display":"","site-post-title":"disabled","ast-breadcrumbs-content":"","ast-featured-img":"","footer-sml-layout":"","ast-disable-related-posts":"","theme-transparent-header-meta":"","adv-header-id-meta":"","stick-header-meta":"","header-above-stick-meta":"","header-main-stick-meta":"","header-below-stick-meta":"","astra-migrate-meta-layouts":"","ast-page-background-enabled":"default","ast-page-background-meta":{"desktop":{"background-color":"var(--ast-global-color-4)","background-image":"","background-repeat":"repeat","background-position":"center center","background-size":"auto","background-attachment":"scroll","background-type":"","background-media":"","overlay-type":"","overlay-color":"","overlay-opacity":"","overlay-gradient":""},"tablet":{"background-color":"","background-image":"","background-repeat":"repeat","background-position":"center center","background-size":"auto","background-attachment":"scroll","background-type":"","background-media":"","overlay-type":"","overlay-color":"","overlay-opacity":"","overlay-gradient":""},"mobile":{"background-color":"","background-image":"","background-repeat":"repeat","background-position":"center center","background-size":"auto","background-attachment":"scroll","background-type":"","background-media":"","overlay-type":"","overlay-color":"","overlay-opacity":"","overlay-gradient":""}},"ast-content-background-meta":{"desktop":{"background-color":"var(--ast-global-color-5)","background-image":"","background-repeat":"repeat","background-position":"center center","background-size":"auto","background-attachment":"scroll","background-type":"","background-media":"","overlay-type":"","overlay-color":"","overlay-opacity":"","overlay-gradient":""},"tablet":{"background-color":"var(--ast-global-color-5)","background-image":"","background-repeat":"repeat","background-position":"center center","background-size":"auto","background-attachment":"scroll","background-type":"","background-media":"","overlay-type":"","overlay-color":"","overlay-opacity":"","overlay-gradient":""},"mobile":{"background-color":"var(--ast-global-color-5)","background-image":"","background-repeat":"repeat","background-position":"center center","background-size":"auto","background-attachment":"scroll","background-type":"","background-media":"","overlay-type":"","overlay-color":"","overlay-opacity":"","overlay-gradient":""}},"footnotes":""},"class_list":["post-28","page","type-page","status-publish","hentry"],"uagb_featured_image_src":{"full":false,"thumbnail":false,"medium":false,"medium_large":false,"large":false,"1536x1536":false,"2048x2048":false,"trp-custom-language-flag":false},"uagb_author_info":{"display_name":"Quel","author_link":"https:\/\/protermit.es\/ca\/author\/gxpafc3cuth0\/"},"uagb_comment_info":0,"uagb_excerpt":"Servicios Soluciones efectivas para el control de insectos xil\u00f3fagos en Girona.","_links":{"self":[{"href":"https:\/\/protermit.es\/ca\/wp-json\/wp\/v2\/pages\/28","targetHints":{"allow":["GET"]}}],"collection":[{"href":"https:\/\/protermit.es\/ca\/wp-json\/wp\/v2\/pages"}],"about":[{"href":"https:\/\/protermit.es\/ca\/wp-json\/wp\/v2\/types\/page"}],"author":[{"embeddable":true,"href":"https:\/\/protermit.es\/ca\/wp-json\/wp\/v2\/users\/5"}],"replies":[{"embeddable":true,"href":"https:\/\/protermit.es\/ca\/wp-json\/wp\/v2\/comments?post=28"}],"version-history":[{"count":5,"href":"https:\/\/protermit.es\/ca\/wp-json\/wp\/v2\/pages\/28\/revisions"}],"predecessor-version":[{"id":1505,"href":"https:\/\/protermit.es\/ca\/wp-json\/wp\/v2\/pages\/28\/revisions\/1505"}],"wp:attachment":[{"href":"https:\/\/protermit.es\/ca\/wp-json\/wp\/v2\/media?parent=28"}],"curies":[{"name":"wp","href":"https:\/\/api.w.org\/{rel}","templated":true}]}}