{"id":26,"date":"2025-08-09T20:12:21","date_gmt":"2025-08-09T20:12:21","guid":{"rendered":"https:\/\/integrity-ismael-kt.zipwp.xyz\/?page_id=26"},"modified":"2025-08-10T14:50:23","modified_gmt":"2025-08-10T14:50:23","slug":"sobre-nosotros","status":"publish","type":"page","link":"https:\/\/protermit.es\/ca\/sobre-nosotros\/","title":{"rendered":"Sobre nosotros"},"content":{"rendered":"<div class=\"wp-block-uagb-container uagb-block-333e4e72 alignfull uagb-is-root-container\"><div class=\"uagb-container-inner-blocks-wrap\">\n<div class=\"wp-block-uagb-advanced-heading uagb-block-64eea43d\"><h1 class=\"uagb-heading-text\">Sobre Protermit<\/h1><p class=\"uagb-desc-text\">M\u00e9s de 30 anys d'experi\u00e8ncia en el control d'insectes xil\u00f2fags.<\/p><\/div>\n<\/div><\/div>\n\n\n\n<div class=\"wp-block-uagb-container uagb-block-acf14002 alignfull uagb-is-root-container\"><div class=\"uagb-container-inner-blocks-wrap\">\n<div class=\"wp-block-uagb-container uagb-block-8fc90048\">\n<div class=\"wp-block-uagb-advanced-heading uagb-block-f6b962f5\"><h2 class=\"uagb-heading-text\">Especialitzats en el tractament de plagues.<\/h2><\/div>\n\n\n\n<div class=\"wp-block-uagb-advanced-heading uagb-block-7ad4e7ef\"><p class=\"uagb-heading-text\">A Protermit, la nostra especialitzaci\u00f3 en el maneig de plagues es recolza per un equip de professionals altament qualificats que ofereixen solucions efectives i personalitzades per al control de t\u00e8rmits i corcs, assegurant aix\u00ed la satisfacci\u00f3 dels nostres clients.<\/p><\/div>\n<\/div>\n\n\n\n<div class=\"wp-block-uagb-container uagb-block-a1e8dd27\">\n<div class=\"wp-block-uagb-image alignleft uagb-block-2de7ccdf wp-block-uagb-image--layout-default wp-block-uagb-image--effect-static wp-block-uagb-image--align-left\"><figure class=\"wp-block-uagb-image__figure\"><img decoding=\"async\" srcset=\"https:\/\/protermit.es\/wp-content\/uploads\/2025\/08\/a-macro-shot-of-a-termite-12895294-1024x683.jpeg ,https:\/\/protermit.es\/wp-content\/uploads\/2025\/08\/a-macro-shot-of-a-termite-12895294.jpeg 780w, https:\/\/protermit.es\/wp-content\/uploads\/2025\/08\/a-macro-shot-of-a-termite-12895294.jpeg 360w\" sizes=\"auto, (max-width: 480px) 150px\" src=\"https:\/\/protermit.es\/wp-content\/uploads\/2025\/08\/a-macro-shot-of-a-termite-12895294-1024x683.jpeg\" alt=\"Detailed macro image of a termite on a moss-covered tree bark surface.\" class=\"uag-image-1417\" width=\"1200\" height=\"500\" title=\"a-macro-shot-of-a-termite-12895294\" loading=\"lazy\" role=\"img\"\/><\/figure><\/div>\n<\/div>\n<\/div><\/div>\n\n\n\n<div class=\"wp-block-uagb-container uagb-block-ee98f31d alignfull uagb-is-root-container\"><div class=\"uagb-container-inner-blocks-wrap\">\n<div class=\"wp-block-uagb-container uagb-block-e1f1c66f\">\n<div class=\"wp-block-uagb-advanced-heading uagb-block-ce911726\"><h2 class=\"uagb-heading-text\">Per qu\u00e8 Triar Protermit?<\/h2><\/div>\n<\/div>\n\n\n\n<div class=\"wp-block-uagb-container uagb-block-090a4798\">\n<div class=\"wp-block-uagb-advanced-heading uagb-block-ad027dbe\"><p class=\"uagb-heading-text\">Compromesos amb preus competitius i tecnologia avan\u00e7ada per a un servei \u00f2ptim i responsable amb el medi ambient.<\/p><\/div>\n\n\n\n<div class=\"wp-block-uagb-container uagb-block-43834666\">\n<div class=\"wp-block-uagb-advanced-heading uagb-block-75113c35\"><div class=\"uagb-heading-text\">Experi\u00e8ncia Comprovada<\/div><p class=\"uagb-desc-text\">Amb m\u00e9s de tres d\u00e8cades de traject\u00f2ria, el nostre equip ha desenvolupat t\u00e8cniques efectives per controlar insectes xil\u00f2fags, garantint resultats duradors.<\/p><\/div>\n\n\n\n<div class=\"wp-block-uagb-advanced-heading uagb-block-020c063a\"><div class=\"uagb-heading-text\">Atenci\u00f3 Personalitzada<\/div><p class=\"uagb-desc-text\">Oferim pressupostos sense comprom\u00eds i un enfocament adaptat a les necessitats espec\u00edfiques de cada client, assegurant un servei excepcional i satisfactori.<\/p><\/div>\n<\/div>\n<\/div>\n<\/div><\/div>\n\n\n\n<div class=\"wp-block-uagb-container uagb-block-1fc9ebe2 alignfull uagb-is-root-container\"><div class=\"uagb-container-inner-blocks-wrap\">\n<div class=\"wp-block-uagb-info-box uagb-block-925f9c72 uagb-infobox__content-wrap  uagb-infobox-icon-above-title uagb-infobox-image-valign-top\"><div class=\"uagb-ifb-content\"><div class=\"uagb-ifb-title-wrap\"><h2 class=\"uagb-ifb-title\">La teva llar en bones mans<\/h2><\/div><p class=\"uagb-ifb-desc\">Contacta'ns i assegura la teva tranquil\u00b7litat avui mateix!<\/p><div class=\"uagb-ifb-button-wrapper wp-block-button\"><a href=\"\/ca\/contacto\/\" class=\"uagb-infobox-cta-link wp-block-button__link\" target=\"_self\" rel=\"noopener noreferrer\" onclick=\"return true;\"><span class=\"uagb-inline-editing\">Demana el teu pressupost<\/span><\/a><\/div><\/div><\/div>\n<\/div><\/div>","protected":false},"excerpt":{"rendered":"<p>Sobre Protermit M\u00e1s de 30 a\u00f1os de experiencia en el control de insectos xil\u00f3fagos. Especializados en el Manejo de plagas. [&hellip;]<\/p>","protected":false},"author":5,"featured_media":0,"parent":0,"menu_order":0,"comment_status":"closed","ping_status":"closed","template":"","meta":{"_uag_custom_page_level_css":"","site-sidebar-layout":"no-sidebar","site-content-layout":"","ast-site-content-layout":"normal-width-container","site-content-style":"default","site-sidebar-style":"default","ast-global-header-display":"","ast-banner-title-visibility":"","ast-main-header-display":"","ast-hfb-above-header-display":"","ast-hfb-below-header-display":"","ast-hfb-mobile-header-display":"","site-post-title":"disabled","ast-breadcrumbs-content":"","ast-featured-img":"","footer-sml-layout":"","ast-disable-related-posts":"","theme-transparent-header-meta":"","adv-header-id-meta":"","stick-header-meta":"","header-above-stick-meta":"","header-main-stick-meta":"","header-below-stick-meta":"","astra-migrate-meta-layouts":"","ast-page-background-enabled":"default","ast-page-background-meta":{"desktop":{"background-color":"var(--ast-global-color-4)","background-image":"","background-repeat":"repeat","background-position":"center center","background-size":"auto","background-attachment":"scroll","background-type":"","background-media":"","overlay-type":"","overlay-color":"","overlay-opacity":"","overlay-gradient":""},"tablet":{"background-color":"","background-image":"","background-repeat":"repeat","background-position":"center center","background-size":"auto","background-attachment":"scroll","background-type":"","background-media":"","overlay-type":"","overlay-color":"","overlay-opacity":"","overlay-gradient":""},"mobile":{"background-color":"","background-image":"","background-repeat":"repeat","background-position":"center center","background-size":"auto","background-attachment":"scroll","background-type":"","background-media":"","overlay-type":"","overlay-color":"","overlay-opacity":"","overlay-gradient":""}},"ast-content-background-meta":{"desktop":{"background-color":"var(--ast-global-color-5)","background-image":"","background-repeat":"repeat","background-position":"center center","background-size":"auto","background-attachment":"scroll","background-type":"","background-media":"","overlay-type":"","overlay-color":"","overlay-opacity":"","overlay-gradient":""},"tablet":{"background-color":"var(--ast-global-color-5)","background-image":"","background-repeat":"repeat","background-position":"center center","background-size":"auto","background-attachment":"scroll","background-type":"","background-media":"","overlay-type":"","overlay-color":"","overlay-opacity":"","overlay-gradient":""},"mobile":{"background-color":"var(--ast-global-color-5)","background-image":"","background-repeat":"repeat","background-position":"center center","background-size":"auto","background-attachment":"scroll","background-type":"","background-media":"","overlay-type":"","overlay-color":"","overlay-opacity":"","overlay-gradient":""}},"footnotes":""},"class_list":["post-26","page","type-page","status-publish","hentry"],"uagb_featured_image_src":{"full":false,"thumbnail":false,"medium":false,"medium_large":false,"large":false,"1536x1536":false,"2048x2048":false,"trp-custom-language-flag":false},"uagb_author_info":{"display_name":"Quel","author_link":"https:\/\/protermit.es\/ca\/author\/gxpafc3cuth0\/"},"uagb_comment_info":0,"uagb_excerpt":"Sobre Protermit M\u00e1s de 30 a\u00f1os de experiencia en el control de insectos xil\u00f3fagos. Especializados en el Manejo de plagas. [&hellip;]","_links":{"self":[{"href":"https:\/\/protermit.es\/ca\/wp-json\/wp\/v2\/pages\/26","targetHints":{"allow":["GET"]}}],"collection":[{"href":"https:\/\/protermit.es\/ca\/wp-json\/wp\/v2\/pages"}],"about":[{"href":"https:\/\/protermit.es\/ca\/wp-json\/wp\/v2\/types\/page"}],"author":[{"embeddable":true,"href":"https:\/\/protermit.es\/ca\/wp-json\/wp\/v2\/users\/5"}],"replies":[{"embeddable":true,"href":"https:\/\/protermit.es\/ca\/wp-json\/wp\/v2\/comments?post=26"}],"version-history":[{"count":16,"href":"https:\/\/protermit.es\/ca\/wp-json\/wp\/v2\/pages\/26\/revisions"}],"predecessor-version":[{"id":1490,"href":"https:\/\/protermit.es\/ca\/wp-json\/wp\/v2\/pages\/26\/revisions\/1490"}],"wp:attachment":[{"href":"https:\/\/protermit.es\/ca\/wp-json\/wp\/v2\/media?parent=26"}],"curies":[{"name":"wp","href":"https:\/\/api.w.org\/{rel}","templated":true}]}}