{"id":23,"date":"2025-08-09T20:12:20","date_gmt":"2025-08-09T20:12:20","guid":{"rendered":"https:\/\/integrity-ismael-kt.zipwp.xyz\/?page_id=23"},"modified":"2025-09-05T14:43:20","modified_gmt":"2025-09-05T14:43:20","slug":"home","status":"publish","type":"page","link":"https:\/\/protermit.es\/ca\/","title":{"rendered":"Home"},"content":{"rendered":"<div class=\"wp-block-uagb-container uagb-block-38ea0276 alignfull uagb-is-root-container\"><div class=\"uagb-container-inner-blocks-wrap\">\n<div class=\"wp-block-uagb-info-box uagb-block-089322a6 uagb-infobox__content-wrap  uagb-infobox-icon-above-title uagb-infobox-image-valign-top\"><div class=\"uagb-ifb-content\"><div class=\"uagb-ifb-title-wrap\"><h1 class=\"uagb-ifb-title\">Protecci\u00f3 i control de plagues<\/h1><\/div><p class=\"uagb-ifb-desc\">Amb m\u00e9s de 30 anys d'experi\u00e8ncia, Protermit ofereix solucions efectives per controlar insectes xil\u00f2fags, assegurant un servei de qualitat i atenci\u00f3 personalitzada a preus competitius i un baix impacte ambiental.<\/p><div class=\"uagb-ifb-button-wrapper wp-block-button\"><a href=\"\/ca\/contacto\/\" class=\"uagb-infobox-cta-link wp-block-button__link\" target=\"_self\" rel=\"noopener noreferrer\" onclick=\"return true;\"><span class=\"uagb-inline-editing\">Demana el teu pressupost<\/span><\/a><\/div><\/div><\/div>\n<\/div><\/div>\n\n\n\n<div class=\"wp-block-uagb-container uagb-block-e25063bb alignfull uagb-is-root-container\"><div class=\"uagb-container-inner-blocks-wrap\">\n<div class=\"wp-block-uagb-container uagb-block-2b2225ce\">\n<div class=\"wp-block-uagb-info-box uagb-block-bbffce70 uagb-infobox__content-wrap  uagb-infobox-icon-above-title uagb-infobox-image-valign-top\"><div class=\"uagb-ifb-content\"><div class=\"uagb-ifb-title-wrap\"><h2 class=\"uagb-ifb-title\">La nostra hist\u00f2ria i comprom\u00eds amb el client<\/h2><\/div><p class=\"uagb-ifb-desc\">Protermit \u00e9s una ag\u00e8ncia especialitzada en tractaments contra t\u00e8rmits i corcs, oferint un servei de qualitat recolzat per m\u00e9s de tres d\u00e8cades d'experi\u00e8ncia en la protecci\u00f3 de casa i b\u00e9ns.<\/p><\/div><\/div>\n\n\n\n<div class=\"wp-block-uagb-buttons uagb-buttons__outer-wrap uagb-btn__default-btn uagb-btn-tablet__default-btn uagb-btn-mobile__default-btn uagb-block-e3983eec\"><div class=\"uagb-buttons__wrap uagb-buttons-layout-wrap\">\n<div class=\"wp-block-uagb-buttons-child uagb-buttons__outer-wrap uagb-block-e8884b22 wp-block-button\"><div class=\"uagb-button__wrapper\"><a class=\"uagb-buttons-repeater wp-block-button__link\" aria-label=\"\" href=\"\/ca\/sobre-nosotros\/\" rel=\"follow noopener\" target=\"_self\" role=\"button\"><div class=\"uagb-button__link\">saber-ne m\u00e9s<\/div><\/a><\/div><\/div>\n<\/div><\/div>\n<\/div>\n\n\n\n<div class=\"wp-block-uagb-container uagb-block-ed8202e9\">\n<div class=\"wp-block-uagb-image alignleft uagb-block-6a83f5e8 wp-block-uagb-image--layout-default wp-block-uagb-image--effect-static wp-block-uagb-image--align-left\"><figure class=\"wp-block-uagb-image__figure\"><img decoding=\"async\" srcset=\"https:\/\/protermit.es\/wp-content\/uploads\/2025\/08\/IMG_20181004_151858-768x1024.webp ,https:\/\/protermit.es\/wp-content\/uploads\/2025\/08\/IMG_20181004_151858-scaled.webp 780w, https:\/\/protermit.es\/wp-content\/uploads\/2025\/08\/IMG_20181004_151858-scaled.webp 360w\" sizes=\"auto, (max-width: 480px) 150px\" src=\"https:\/\/protermit.es\/wp-content\/uploads\/2025\/08\/IMG_20181004_151858-768x1024.webp\" alt=\"btf\" class=\"uag-image-1447\" width=\"560\" height=\"480\" title=\"btf\" loading=\"lazy\" role=\"img\"\/><\/figure><\/div>\n<\/div>\n<\/div><\/div>\n\n\n\n<div class=\"wp-block-uagb-container uagb-block-ed67dc62 alignfull uagb-is-root-container\"><div class=\"uagb-container-inner-blocks-wrap\">\n<div class=\"wp-block-uagb-advanced-heading uagb-block-f92e4313\"><h2 class=\"uagb-heading-text\">Serveis complets per al control de plagues<\/h2><\/div>\n\n\n\n<div class=\"wp-block-uagb-container uagb-block-01c648b1\">\n<div class=\"wp-block-uagb-container uagb-block-8a2c7a18\">\n<div class=\"wp-block-uagb-image alignleft uagb-block-e7ed7566 wp-block-uagb-image--layout-default wp-block-uagb-image--effect-static wp-block-uagb-image--align-left\"><figure class=\"wp-block-uagb-image__figure\"><img decoding=\"async\" srcset=\"https:\/\/protermit.es\/wp-content\/uploads\/2025\/08\/a-macro-shot-of-a-termite-12895294-1024x683.jpeg ,https:\/\/protermit.es\/wp-content\/uploads\/2025\/08\/a-macro-shot-of-a-termite-12895294.jpeg 780w, https:\/\/protermit.es\/wp-content\/uploads\/2025\/08\/a-macro-shot-of-a-termite-12895294.jpeg 360w\" sizes=\"auto, (max-width: 480px) 150px\" src=\"https:\/\/protermit.es\/wp-content\/uploads\/2025\/08\/a-macro-shot-of-a-termite-12895294-1024x683.jpeg\" alt=\"Detailed macro image of a termite on a moss-covered tree bark surface.\" class=\"uag-image-1417\" width=\"373\" height=\"241\" title=\"a-macro-shot-of-a-termite-12895294\" loading=\"lazy\" role=\"img\"\/><\/figure><\/div>\n\n\n\n<div class=\"wp-block-uagb-info-box uagb-block-774ff371 uagb-infobox__content-wrap  uagb-infobox-icon-above-title uagb-infobox-image-valign-top\"><div class=\"uagb-ifb-content\"><div class=\"uagb-ifb-title-wrap\"><h3 class=\"uagb-ifb-title\">Inspecci\u00f3<\/h3><\/div><p class=\"uagb-ifb-desc\">Realitzem inspeccions exhaustives per detectar la pres\u00e8ncia de t\u00e8rmits i corcs a la seva propietat.<\/p><div class=\"uagb-ifb-button-wrapper wp-block-button\"><a href=\"\/ca\/servicios\/\" class=\"uagb-infobox-cta-link wp-block-button__link\" target=\"_self\" rel=\"noopener noreferrer\" onclick=\"return true;\"><span class=\"uagb-inline-editing\">saber-ne m\u00e9s<\/span><svg xmlns=\"https:\/\/www.w3.org\/2000\/svg\" viewbox=\"0 0 448 512\"><path d=\"M438.6 278.6l-160 160C272.4 444.9 264.2 448 256 448s-16.38-3.125-22.62-9.375c-12.5-12.5-12.5-32.75 0-45.25L338.8 288H32C14.33 288 .0016 273.7 .0016 256S14.33 224 32 224h306.8l-105.4-105.4c-12.5-12.5-12.5-32.75 0-45.25s32.75-12.5 45.25 0l160 160C451.1 245.9 451.1 266.1 438.6 278.6z\"><\/path><\/svg><\/a><\/div><\/div><\/div>\n<\/div>\n\n\n\n<div class=\"wp-block-uagb-container uagb-block-7c931235\">\n<div class=\"wp-block-uagb-image alignleft uagb-block-7e7796b0 wp-block-uagb-image--layout-default wp-block-uagb-image--effect-static wp-block-uagb-image--align-left\"><figure class=\"wp-block-uagb-image__figure\"><img decoding=\"async\" srcset=\"https:\/\/protermit.es\/wp-content\/uploads\/2025\/08\/PXL_20250416_080534071-1024x576.webp ,https:\/\/protermit.es\/wp-content\/uploads\/2025\/08\/PXL_20250416_080534071-scaled.webp 780w, https:\/\/protermit.es\/wp-content\/uploads\/2025\/08\/PXL_20250416_080534071-scaled.webp 360w\" sizes=\"auto, (max-width: 480px) 150px\" src=\"https:\/\/protermit.es\/wp-content\/uploads\/2025\/08\/PXL_20250416_080534071-1024x576.webp\" alt=\"pxl 20250416 080534071\" class=\"uag-image-1456\" width=\"373\" height=\"241\" title=\"pxl 20250416 080534071\" loading=\"lazy\" role=\"img\"\/><\/figure><\/div>\n\n\n\n<div class=\"wp-block-uagb-info-box uagb-block-6686281c uagb-infobox__content-wrap  uagb-infobox-icon-above-title uagb-infobox-image-valign-top\"><div class=\"uagb-ifb-content\"><div class=\"uagb-ifb-title-wrap\"><h3 class=\"uagb-ifb-title\">Tractament<\/h3><\/div><p class=\"uagb-ifb-desc\">Oferim tractaments personalitzats i rigorosos per eliminar insectes xil\u00f2fags de manera segura i efectiva.<\/p><div class=\"uagb-ifb-button-wrapper wp-block-button\"><a href=\"\/ca\/servicios\/\" class=\"uagb-infobox-cta-link wp-block-button__link\" target=\"_self\" rel=\"noopener noreferrer\" onclick=\"return true;\"><span class=\"uagb-inline-editing\">saber-ne m\u00e9s<\/span><svg xmlns=\"https:\/\/www.w3.org\/2000\/svg\" viewbox=\"0 0 448 512\"><path d=\"M438.6 278.6l-160 160C272.4 444.9 264.2 448 256 448s-16.38-3.125-22.62-9.375c-12.5-12.5-12.5-32.75 0-45.25L338.8 288H32C14.33 288 .0016 273.7 .0016 256S14.33 224 32 224h306.8l-105.4-105.4c-12.5-12.5-12.5-32.75 0-45.25s32.75-12.5 45.25 0l160 160C451.1 245.9 451.1 266.1 438.6 278.6z\"><\/path><\/svg><\/a><\/div><\/div><\/div>\n<\/div>\n\n\n\n<div class=\"wp-block-uagb-container uagb-block-7677f05b\">\n<div class=\"wp-block-uagb-image alignleft uagb-block-f07b1160 wp-block-uagb-image--layout-default wp-block-uagb-image--effect-static wp-block-uagb-image--align-left\"><figure class=\"wp-block-uagb-image__figure\"><img decoding=\"async\" srcset=\"https:\/\/protermit.es\/wp-content\/uploads\/2025\/08\/IMG_20190720_114955-1024x768.webp ,https:\/\/protermit.es\/wp-content\/uploads\/2025\/08\/IMG_20190720_114955-scaled.webp 780w, https:\/\/protermit.es\/wp-content\/uploads\/2025\/08\/IMG_20190720_114955-scaled.webp 360w\" sizes=\"auto, (max-width: 480px) 150px\" src=\"https:\/\/protermit.es\/wp-content\/uploads\/2025\/08\/IMG_20190720_114955-1024x768.webp\" alt=\"img 20190720 114955\" class=\"uag-image-1450\" width=\"373\" height=\"241\" title=\"img 20190720 114955\" loading=\"lazy\" role=\"img\"\/><\/figure><\/div>\n\n\n\n<div class=\"wp-block-uagb-info-box uagb-block-cc875ddf uagb-infobox__content-wrap  uagb-infobox-icon-above-title uagb-infobox-image-valign-top\"><div class=\"uagb-ifb-content\"><div class=\"uagb-ifb-title-wrap\"><h3 class=\"uagb-ifb-title\">Prevenci\u00f3<\/h3><\/div><p class=\"uagb-ifb-desc\">Implementem estrat\u00e8gies de prevenci\u00f3 per protegir la vostra llar i negoci de futures infestacions.<\/p><div class=\"uagb-ifb-button-wrapper wp-block-button\"><a href=\"\/ca\/servicios\/\" class=\"uagb-infobox-cta-link wp-block-button__link\" target=\"_self\" rel=\"noopener noreferrer\" onclick=\"return true;\"><span class=\"uagb-inline-editing\">saber-ne m\u00e9s<\/span><svg xmlns=\"https:\/\/www.w3.org\/2000\/svg\" viewbox=\"0 0 448 512\"><path d=\"M438.6 278.6l-160 160C272.4 444.9 264.2 448 256 448s-16.38-3.125-22.62-9.375c-12.5-12.5-12.5-32.75 0-45.25L338.8 288H32C14.33 288 .0016 273.7 .0016 256S14.33 224 32 224h306.8l-105.4-105.4c-12.5-12.5-12.5-32.75 0-45.25s32.75-12.5 45.25 0l160 160C451.1 245.9 451.1 266.1 438.6 278.6z\"><\/path><\/svg><\/a><\/div><\/div><\/div>\n<\/div>\n<\/div>\n<\/div><\/div>\n\n\n\n<div class=\"wp-block-uagb-container uagb-block-0d5514fb alignfull uagb-is-root-container\"><div class=\"uagb-container-inner-blocks-wrap\">\n<div class=\"wp-block-uagb-advanced-heading uagb-block-f8dbcb64\"><h2 class=\"uagb-heading-text\">Els nostres Treballs<\/h2><p class=\"uagb-desc-text\">Amb equips i tecnologia d'avantguarda<\/p><\/div>\n\n\n\n<div class=\"wp-block-uagb-container uagb-block-978d94aa\">\n<div class=\"wp-block-uagb-container uagb-block-3800a1e1\">\n<div class=\"wp-block-uagb-image alignleft uagb-block-0bbf7953 wp-block-uagb-image--layout-default wp-block-uagb-image--effect-static wp-block-uagb-image--align-left\"><figure class=\"wp-block-uagb-image__figure\"><img decoding=\"async\" srcset=\"https:\/\/protermit.es\/wp-content\/uploads\/2025\/08\/20220711_103828-1024x768.webp ,https:\/\/protermit.es\/wp-content\/uploads\/2025\/08\/20220711_103828-scaled.webp 780w, https:\/\/protermit.es\/wp-content\/uploads\/2025\/08\/20220711_103828-scaled.webp 360w\" sizes=\"auto, (max-width: 480px) 150px\" src=\"https:\/\/protermit.es\/wp-content\/uploads\/2025\/08\/20220711_103828-1024x768.webp\" alt=\"20220711 103828\" class=\"uag-image-1440\" width=\"590\" height=\"500\" title=\"20220711 103828\" loading=\"lazy\" role=\"img\"\/><\/figure><\/div>\n<\/div>\n\n\n\n<div class=\"wp-block-uagb-container uagb-block-fc041379\">\n<div class=\"wp-block-uagb-container uagb-block-9e6401b1\">\n<div class=\"wp-block-uagb-image alignleft uagb-block-1fc4370e wp-block-uagb-image--layout-default wp-block-uagb-image--effect-static wp-block-uagb-image--align-left\"><figure class=\"wp-block-uagb-image__figure\"><img decoding=\"async\" srcset=\"https:\/\/protermit.es\/wp-content\/uploads\/2025\/08\/20230516_182221-1024x768.webp ,https:\/\/protermit.es\/wp-content\/uploads\/2025\/08\/20230516_182221-scaled.webp 780w, https:\/\/protermit.es\/wp-content\/uploads\/2025\/08\/20230516_182221-scaled.webp 360w\" sizes=\"auto, (max-width: 480px) 150px\" src=\"https:\/\/protermit.es\/wp-content\/uploads\/2025\/08\/20230516_182221-1024x768.webp\" alt=\"20230516 182221\" class=\"uag-image-1442\" width=\"590\" height=\"240\" title=\"20230516 182221\" loading=\"lazy\" role=\"img\"\/><\/figure><\/div>\n<\/div>\n\n\n\n<div class=\"wp-block-uagb-container uagb-block-80e72510\">\n<div class=\"wp-block-uagb-image alignleft uagb-block-492180b4 wp-block-uagb-image--layout-default wp-block-uagb-image--effect-static wp-block-uagb-image--align-left\"><figure class=\"wp-block-uagb-image__figure\"><img decoding=\"async\" srcset=\"https:\/\/protermit.es\/wp-content\/uploads\/2025\/08\/20220217_114114-1024x768.webp ,https:\/\/protermit.es\/wp-content\/uploads\/2025\/08\/20220217_114114-scaled.webp 780w, https:\/\/protermit.es\/wp-content\/uploads\/2025\/08\/20220217_114114-scaled.webp 360w\" sizes=\"auto, (max-width: 480px) 150px\" src=\"https:\/\/protermit.es\/wp-content\/uploads\/2025\/08\/20220217_114114-1024x768.webp\" alt=\"20220217 114114\" class=\"uag-image-1437\" width=\"590\" height=\"240\" title=\"20220217 114114\" loading=\"lazy\" role=\"img\"\/><\/figure><\/div>\n<\/div>\n<\/div>\n<\/div>\n<\/div><\/div>\n\n\n\n<div class=\"wp-block-uagb-container uagb-block-05f5bb0a alignfull uagb-is-root-container\"><div class=\"uagb-container-inner-blocks-wrap\">\n<div class=\"wp-block-uagb-advanced-heading uagb-block-5c72d87d\"><h2 class=\"uagb-heading-text\">El que diuen els nostres clients<\/h2><p class=\"uagb-desc-text\">Opinions reals sobre els nostres serveis<\/p><\/div>\n\n\n\n<div class=\"wp-block-uagb-container uagb-block-1babe235\">\n<div class=\"wp-block-uagb-container uagb-block-46db55fd\">\n<div class=\"wp-block-uagb-star-rating uagb-block-5496cfc0\"><div class=\"uag-star-rating\" title=\"5\/5\"><span class=\"uag-star\">\u2605<\/span><span class=\"uag-star\">\u2605<\/span><span class=\"uag-star\">\u2605<\/span><span class=\"uag-star\">\u2605<\/span><span class=\"uag-star\">\u2605<\/span><\/div><\/div>\n\n\n\n<div class=\"wp-block-uagb-testimonial uagb-slick-carousel uagb-tm__arrow-outside uagb-block-4f7c2ef6 uagb-post__carousel_notset uagb-post__carousel_notset-tablet uagb-post__carousel_notset-mobile\"><div class=\"is-carousel uagb-tm__columns-1 uagb-tm__items\"><div class=\"uagb-testimonial__wrap  uagb-tm__imgicon-style-circle uagb-tm__image-position-bottom uagb-tm__bg-type-none\"><div class=\"uagb-tm__content\"><div class=\"uagb-tm__overlay\"><\/div><div class=\"uagb-tm__text-wrap\"><div class=\"uagb-tm__desc\">El tractament que vaig rebre va ser excepcional. L'equip de Protermit va ser molt professional i atent a les meves necessitats. Recomanaria els seus serveis sense dubtar-ho.<\/div><div class=\"uagb-tm__meta-inner\"><div class=\"uagb-tm__image-content\"><div class=\"uagb-tm__image\"><img decoding=\"async\" class=\"uagb-tm-img-src\" src=\"https:\/\/protermit.es\/wp-content\/uploads\/2023\/09\/testimonial-skip-01.jpg\" alt=\"\" width=\"56\" height=\"56\" loading=\"lazy\"\/><\/div><\/div><div class=\"uagb-testimonial-details\"><span class=\"uagb-tm__author-name\">Jos\u00e9 Torres<\/span><span class=\"uagb-tm__company\"><\/span><\/div><\/div><\/div><\/div><\/div><\/div><\/div>\n<\/div>\n\n\n\n<div class=\"wp-block-uagb-container uagb-block-4ff2fbae\">\n<div class=\"wp-block-uagb-star-rating uagb-block-7115a07e\"><div class=\"uag-star-rating\" title=\"5\/5\"><span class=\"uag-star\">\u2605<\/span><span class=\"uag-star\">\u2605<\/span><span class=\"uag-star\">\u2605<\/span><span class=\"uag-star\">\u2605<\/span><span class=\"uag-star\">\u2605<\/span><\/div><\/div>\n\n\n\n<div class=\"wp-block-uagb-testimonial uagb-slick-carousel uagb-tm__arrow-outside uagb-block-4d5aa197 uagb-post__carousel_notset uagb-post__carousel_notset-tablet uagb-post__carousel_notset-mobile\"><div class=\"is-carousel uagb-tm__columns-1 uagb-tm__items\"><div class=\"uagb-testimonial__wrap  uagb-tm__imgicon-style-circle uagb-tm__image-position-bottom uagb-tm__bg-type-none\"><div class=\"uagb-tm__content\"><div class=\"uagb-tm__overlay\"><\/div><div class=\"uagb-tm__text-wrap\"><div class=\"uagb-tm__desc\">Estic molt satisfeta amb la feina feta per Protermit. La seva atenci\u00f3 al detall i el comprom\u00eds amb el client em van deixar impressionada. Gran equip!<\/div><div class=\"uagb-tm__meta-inner\"><div class=\"uagb-tm__image-content\"><div class=\"uagb-tm__image\"><img decoding=\"async\" class=\"uagb-tm-img-src\" src=\"https:\/\/protermit.es\/wp-content\/uploads\/2023\/09\/testimonial-skip-02.jpg\" alt=\"\" width=\"56\" height=\"56\" loading=\"lazy\"\/><\/div><\/div><div class=\"uagb-testimonial-details\"><span class=\"uagb-tm__author-name\">Laura Gonz\u00e1lez<\/span><span class=\"uagb-tm__company\"><\/span><\/div><\/div><\/div><\/div><\/div><\/div><\/div>\n<\/div>\n<\/div>\n<\/div><\/div>\n\n\n\n<div class=\"wp-block-uagb-container uagb-block-1fc9ebe2 alignfull uagb-is-root-container\"><div class=\"uagb-container-inner-blocks-wrap\">\n<div class=\"wp-block-uagb-info-box uagb-block-925f9c72 uagb-infobox__content-wrap  uagb-infobox-icon-above-title uagb-infobox-image-valign-top\"><div class=\"uagb-ifb-content\"><div class=\"uagb-ifb-title-wrap\"><h2 class=\"uagb-ifb-title\">La teva llar en bones mans<\/h2><\/div><p class=\"uagb-ifb-desc\">Contacta'ns i assegura la teva tranquil\u00b7litat avui mateix!<\/p><div class=\"uagb-ifb-button-wrapper wp-block-button\"><a href=\"\/ca\/contacto\/\" class=\"uagb-infobox-cta-link wp-block-button__link\" target=\"_self\" rel=\"noopener noreferrer\" onclick=\"return true;\"><span class=\"uagb-inline-editing\">Demana el teu pressupost<\/span><\/a><\/div><\/div><\/div>\n<\/div><\/div>","protected":false},"excerpt":{"rendered":"<p>Servicios completos para el control de plagas Nuestros Trabajos Con equipos y tecnolog\u00eda de vanguardia Lo que dicen nuestros clientes [&hellip;]<\/p>","protected":false},"author":5,"featured_media":0,"parent":0,"menu_order":0,"comment_status":"closed","ping_status":"closed","template":"","meta":{"_uag_custom_page_level_css":"","site-sidebar-layout":"default","site-content-layout":"","ast-site-content-layout":"normal-width-container","site-content-style":"default","site-sidebar-style":"default","ast-global-header-display":"","ast-banner-title-visibility":"","ast-main-header-display":"","ast-hfb-above-header-display":"","ast-hfb-below-header-display":"","ast-hfb-mobile-header-display":"","site-post-title":"disabled","ast-breadcrumbs-content":"","ast-featured-img":"","footer-sml-layout":"","ast-disable-related-posts":"","theme-transparent-header-meta":"","adv-header-id-meta":"","stick-header-meta":"","header-above-stick-meta":"","header-main-stick-meta":"","header-below-stick-meta":"","astra-migrate-meta-layouts":"","ast-page-background-enabled":"default","ast-page-background-meta":{"desktop":{"background-color":"var(--ast-global-color-4)","background-image":"","background-repeat":"repeat","background-position":"center center","background-size":"auto","background-attachment":"scroll","background-type":"","background-media":"","overlay-type":"","overlay-color":"","overlay-opacity":"","overlay-gradient":""},"tablet":{"background-color":"","background-image":"","background-repeat":"repeat","background-position":"center center","background-size":"auto","background-attachment":"scroll","background-type":"","background-media":"","overlay-type":"","overlay-color":"","overlay-opacity":"","overlay-gradient":""},"mobile":{"background-color":"","background-image":"","background-repeat":"repeat","background-position":"center center","background-size":"auto","background-attachment":"scroll","background-type":"","background-media":"","overlay-type":"","overlay-color":"","overlay-opacity":"","overlay-gradient":""}},"ast-content-background-meta":{"desktop":{"background-color":"var(--ast-global-color-5)","background-image":"","background-repeat":"repeat","background-position":"center center","background-size":"auto","background-attachment":"scroll","background-type":"","background-media":"","overlay-type":"","overlay-color":"","overlay-opacity":"","overlay-gradient":""},"tablet":{"background-color":"var(--ast-global-color-5)","background-image":"","background-repeat":"repeat","background-position":"center center","background-size":"auto","background-attachment":"scroll","background-type":"","background-media":"","overlay-type":"","overlay-color":"","overlay-opacity":"","overlay-gradient":""},"mobile":{"background-color":"var(--ast-global-color-5)","background-image":"","background-repeat":"repeat","background-position":"center center","background-size":"auto","background-attachment":"scroll","background-type":"","background-media":"","overlay-type":"","overlay-color":"","overlay-opacity":"","overlay-gradient":""}},"footnotes":""},"class_list":["post-23","page","type-page","status-publish","hentry"],"uagb_featured_image_src":{"full":false,"thumbnail":false,"medium":false,"medium_large":false,"large":false,"1536x1536":false,"2048x2048":false,"trp-custom-language-flag":false},"uagb_author_info":{"display_name":"Quel","author_link":"https:\/\/protermit.es\/ca\/author\/gxpafc3cuth0\/"},"uagb_comment_info":0,"uagb_excerpt":"Servicios completos para el control de plagas Nuestros Trabajos Con equipos y tecnolog\u00eda de vanguardia Lo que dicen nuestros clientes [&hellip;]","_links":{"self":[{"href":"https:\/\/protermit.es\/ca\/wp-json\/wp\/v2\/pages\/23","targetHints":{"allow":["GET"]}}],"collection":[{"href":"https:\/\/protermit.es\/ca\/wp-json\/wp\/v2\/pages"}],"about":[{"href":"https:\/\/protermit.es\/ca\/wp-json\/wp\/v2\/types\/page"}],"author":[{"embeddable":true,"href":"https:\/\/protermit.es\/ca\/wp-json\/wp\/v2\/users\/5"}],"replies":[{"embeddable":true,"href":"https:\/\/protermit.es\/ca\/wp-json\/wp\/v2\/comments?post=23"}],"version-history":[{"count":9,"href":"https:\/\/protermit.es\/ca\/wp-json\/wp\/v2\/pages\/23\/revisions"}],"predecessor-version":[{"id":1512,"href":"https:\/\/protermit.es\/ca\/wp-json\/wp\/v2\/pages\/23\/revisions\/1512"}],"wp:attachment":[{"href":"https:\/\/protermit.es\/ca\/wp-json\/wp\/v2\/media?parent=23"}],"curies":[{"name":"wp","href":"https:\/\/api.w.org\/{rel}","templated":true}]}}